{"id":154224,"date":"2026-04-11T13:27:31","date_gmt":"2026-04-11T12:27:31","guid":{"rendered":"https:\/\/pedrobento.com\/?page_id=154224"},"modified":"2026-04-12T00:21:55","modified_gmt":"2026-04-11T23:21:55","slug":"contacto","status":"publish","type":"page","link":"https:\/\/pedrobento.com\/en\/contacto\/","title":{"rendered":"Contact"},"content":{"rendered":"<p class=\"has-text-align-center\">Let\u2019s talk about your day!<\/p>\n\n\n\n<p class=\"has-text-align-center\">If you\u2019ve made it this far, it means something in my work has touched you \u2014 and that means a lot to me.<\/p>\n\n\n\n<p class=\"has-text-align-center\">I would love to hear your story, your plans, and everything you envision for your day.<\/p>\n\n\n\n<p class=\"has-text-align-center\">For information, availability, or bookings, please contact me.<\/p>\n\n\n\n<p class=\"has-text-align-center\">I will get back to you as soon as possible.<\/p>\n\n\n\n\n\n\n\n<div style=\"height:60px\" aria-hidden=\"true\" class=\"wp-block-spacer\"><\/div>\n\n\n\n<p class=\"has-text-align-center\">Or, if you prefer, please fill out the form below:<\/p>\n\n\n\n<div style=\"height:60px\" aria-hidden=\"true\" class=\"wp-block-spacer\"><\/div>\n\n\n\n<form method=\"post\" action=\"\">\n  <input type=\"text\" name=\"nome\" placeholder=\"Name\" required>\n  <input type=\"email\" name=\"email\" placeholder=\"E-mail\" required>\n  <input type=\"text\" name=\"data\" placeholder=\"Event date\">\n  <textarea name=\"mensagem\" placeholder=\"Tell me more...\" required><\/textarea>\n  <button type=\"submit\" name=\"enviar\">Send message<\/button>\n<input type=\"hidden\" name=\"trp-form-language\" value=\"en\"\/><\/form>\n<style>\nform {\n  max-width: 500px;\n  margin: 0 auto;\n}\n\ninput, textarea {\n  width: 100%;\n  border: none;\n  border-bottom: 1px solid #ccc;\n  padding: 12px;\n  margin-bottom: 20px;\n  background: transparent;\n  font-size: 14px;\n}\n\ninput:focus, textarea:focus {\n  outline: none;\n  border-bottom: 1px solid black;\n}\n\nbutton {\n  background: black;\n  color: white;\n  padding: 12px 20px;\n  border: none;\n  cursor: pointer;\n}\n\nbutton:hover {\n  opacity: 0.8;\n}\n<\/style>\n\n\n\n<div style=\"height:60px\" aria-hidden=\"true\" class=\"wp-block-spacer\"><\/div>","protected":false},"excerpt":{"rendered":"<p>Vamos falar sobre o teu dia! Se chegaste at\u00e9 aqui, \u00e9 porque algo no meu trabalho te tocou \u2014 e isso j\u00e1 significa muito para mim. Adorava conhecer a tua hist\u00f3ria, os teus planos e tudo o que imaginas para o vosso dia. Para informa\u00e7\u00f5es, disponibilidade ou reservas, entra em contacto. Responderei o mais brevemente [&hellip;]<\/p>\n","protected":false},"author":1,"featured_media":0,"parent":0,"menu_order":0,"comment_status":"closed","ping_status":"closed","template":"","meta":[],"_links":{"self":[{"href":"https:\/\/pedrobento.com\/en\/wp-json\/wp\/v2\/pages\/154224"}],"collection":[{"href":"https:\/\/pedrobento.com\/en\/wp-json\/wp\/v2\/pages"}],"about":[{"href":"https:\/\/pedrobento.com\/en\/wp-json\/wp\/v2\/types\/page"}],"author":[{"embeddable":true,"href":"https:\/\/pedrobento.com\/en\/wp-json\/wp\/v2\/users\/1"}],"replies":[{"embeddable":true,"href":"https:\/\/pedrobento.com\/en\/wp-json\/wp\/v2\/comments?post=154224"}],"version-history":[{"count":10,"href":"https:\/\/pedrobento.com\/en\/wp-json\/wp\/v2\/pages\/154224\/revisions"}],"predecessor-version":[{"id":154344,"href":"https:\/\/pedrobento.com\/en\/wp-json\/wp\/v2\/pages\/154224\/revisions\/154344"}],"wp:attachment":[{"href":"https:\/\/pedrobento.com\/en\/wp-json\/wp\/v2\/media?parent=154224"}],"curies":[{"name":"wp","href":"https:\/\/api.w.org\/{rel}","templated":true}]}}