{"id":155115,"date":"2026-04-20T15:22:06","date_gmt":"2026-04-20T14:22:06","guid":{"rendered":"https:\/\/pedrobento.com\/?page_id=155115"},"modified":"2026-04-21T16:55:57","modified_gmt":"2026-04-21T15:55:57","slug":"galerias","status":"publish","type":"page","link":"https:\/\/pedrobento.com\/en\/galerias\/","title":{"rendered":""},"content":{"rendered":"<div class=\"pb-galerias\">\n\n  <a href=\"#\" class=\"pb-galeria\">\n    <img decoding=\"async\" src=\"https:\/\/picsum.photos\/id\/1011\/800\/600\">\n    <span>Antonio &#038; Maria<\/span>\n  <\/a>\n\n  <a href=\"#\" class=\"pb-galeria\">\n    <img decoding=\"async\" src=\"https:\/\/picsum.photos\/id\/1015\/800\/600\">\n    <span>Rita &#038; Tiago<\/span>\n  <\/a>\n\n  <a href=\"#\" class=\"pb-galeria\">\n    <img decoding=\"async\" src=\"https:\/\/picsum.photos\/id\/1016\/800\/600\">\n    <span>Ana &#038; Pedro<\/span>\n  <\/a>\n\n  <a href=\"#\" class=\"pb-galeria\">\n    <img decoding=\"async\" src=\"https:\/\/picsum.photos\/id\/1025\/800\/600\">\n    <span>In\u00eas &#038; Miguel<\/span>\n  <\/a>\n\n  <a href=\"#\" class=\"pb-galeria\">\n    <img decoding=\"async\" src=\"https:\/\/picsum.photos\/id\/1035\/800\/600\">\n    <span>Clara &#038; Jo\u00e3o<\/span>\n  <\/a>\n\n  <a href=\"#\" class=\"pb-galeria\">\n    <img decoding=\"async\" src=\"https:\/\/picsum.photos\/id\/1043\/800\/600\">\n    <span>Sofia &#038; Daniel<\/span>\n  <\/a>\n\n  <a href=\"#\" class=\"pb-galeria\">\n    <img decoding=\"async\" src=\"https:\/\/picsum.photos\/id\/1050\/800\/600\">\n    <span>Carolina &#038; Bruno<\/span>\n  <\/a>\n\n  <a href=\"#\" class=\"pb-galeria\">\n    <img decoding=\"async\" src=\"https:\/\/picsum.photos\/id\/1062\/800\/600\">\n    <span>Beatriz &#038; Andr\u00e9<\/span>\n  <\/a>\n\n<\/div>","protected":false},"excerpt":{"rendered":"<p>Antonio &#038; Maria Rita &#038; Tiago Ana &#038; Pedro In\u00eas &#038; Miguel Clara &#038; Jo\u00e3o Sofia &#038; Daniel Carolina &#038; Bruno Beatriz &#038; Andr\u00e9<\/p>","protected":false},"author":1,"featured_media":0,"parent":0,"menu_order":0,"comment_status":"closed","ping_status":"closed","template":"","meta":{"footnotes":""},"class_list":["post-155115","page","type-page","status-publish"],"_links":{"self":[{"href":"https:\/\/pedrobento.com\/en\/wp-json\/wp\/v2\/pages\/155115","targetHints":{"allow":["GET"]}}],"collection":[{"href":"https:\/\/pedrobento.com\/en\/wp-json\/wp\/v2\/pages"}],"about":[{"href":"https:\/\/pedrobento.com\/en\/wp-json\/wp\/v2\/types\/page"}],"author":[{"embeddable":true,"href":"https:\/\/pedrobento.com\/en\/wp-json\/wp\/v2\/users\/1"}],"replies":[{"embeddable":true,"href":"https:\/\/pedrobento.com\/en\/wp-json\/wp\/v2\/comments?post=155115"}],"version-history":[{"count":17,"href":"https:\/\/pedrobento.com\/en\/wp-json\/wp\/v2\/pages\/155115\/revisions"}],"predecessor-version":[{"id":155197,"href":"https:\/\/pedrobento.com\/en\/wp-json\/wp\/v2\/pages\/155115\/revisions\/155197"}],"wp:attachment":[{"href":"https:\/\/pedrobento.com\/en\/wp-json\/wp\/v2\/media?parent=155115"}],"curies":[{"name":"wp","href":"https:\/\/api.w.org\/{rel}","templated":true}]}}